{"id":30,"date":"2013-02-20T12:54:03","date_gmt":"2013-02-20T10:54:03","guid":{"rendered":"http:\/\/www.goldwurzel.de\/?page_id=30"},"modified":"2023-02-12T01:41:42","modified_gmt":"2023-02-12T00:41:42","slug":"ueber-uns","status":"publish","type":"page","link":"https:\/\/www.goldwurzel.de\/ueber-uns\/ueber-uns\/","title":{"rendered":"\u00dcber uns"},"content":{"rendered":"<p>Der Kindergarten Goldwurzel befindet sich in einem Einfamilienhaus mit gro\u00dfem Garten, in einer ruhigen Seitenstra\u00dfe des Lichtenrader Damms.<\/p>\n<p>Die Kinder werden in kleinen altersgemischten Gruppen betreut.<\/p>\n<p>Im ersten Stockwerk wohnen die <strong>Wichtel<\/strong>, die Kinder sind im Alter von 1-3 Jahren. Unsere <strong>Zwerge<\/strong> bewohnen das Erdgeschoss und sind im Alter von 3-6 Jahren(Schuleintritt). Die Gruppen werden jeweils von 2 Erzieher*Innen sowie einer Hilfskraft liebevoll betreut.<\/p>\n<p>Der Kindergarten hat von 7.30 bis 16.30 Uhr ge\u00f6ffnet.<\/p>\n<p>Durch unseren <strong>rhythmisch gegliederten Tagesablauf<\/strong> mit einer p\u00e4dagogischen Kernzeit am Vormittag <strong>sollen die Kinder bis um 8.30 Uhr in den Kindergarten komme<\/strong>n, um sie harmonisch in den Tagesablauf zu integrieren.<\/p>\n<p>Die <strong>erste Abholzeit ist bei den Wichteln um 12.30 Uhr, bei den Zwergen um 13.00 Uhr nach dem gemeinsamen Mittagessen<\/strong>. <strong>Danach<\/strong> beginnt die <strong>Ruhezeit<\/strong>.<\/p>\n<p>Nach dem Vesperessen k\u00f6nnen Sie Ihr Kind oder ihre Kinder <strong>ab 15.00 Uhr abholen<\/strong>.<\/p>\n<p>Beim Essen achten wir auf eine <strong>Biovollwertkost<\/strong>. Das Fr\u00fchst\u00fcck bereiten die Kinder und die Erzieherinnen gemeinsam zu. Jeder Wochentag hat sein individuelles Fr\u00fchst\u00fcck. Zum Mittagessen wird der Kindergarten von einem <strong>Lieferservice<\/strong> mit vegetarischer Vollwertkost versorgt.<\/p>\n<ul>\n<li>Anzahl der Gruppen: 2<\/li>\n<li>Besondere Angebote: 1 Kleinkindgruppe<\/li>\n<\/ul>\n<p><strong>Weiterlesen:<\/strong> <a title=\"P\u00e4dagogik\" href=\"http:\/\/www.goldwurzel.de\/ueber-uns\/paedagogik\/\">P\u00e4dagogik<\/a> | <a title=\"Geschichte &amp; Organisation\" href=\"http:\/\/www.goldwurzel.de\/ueber-uns\/geschichte-organisation\/\">Geschichte &amp; Organisation<\/a><\/p>\n","protected":false},"excerpt":{"rendered":"<p>Der Kindergarten Goldwurzel befindet sich in einem Einfamilienhaus mit gro\u00dfem Garten, in einer ruhigen Seitenstra\u00dfe des Lichtenrader Damms. Die Kinder werden in kleinen altersgemischten Gruppen betreut. Im ersten Stockwerk wohnen die Wichtel, die Kinder sind im Alter von 1-3 Jahren. Unsere Zwerge bewohnen das Erdgeschoss und sind im Alter von 3-6 Jahren(Schuleintritt). Die Gruppen werden [&hellip;]<\/p>\n","protected":false},"author":2,"featured_media":0,"parent":0,"menu_order":0,"comment_status":"closed","ping_status":"closed","template":"","meta":{"footnotes":""},"class_list":["post-30","page","type-page","status-publish","hentry","entry","has-post-thumbnail"],"_links":{"self":[{"href":"https:\/\/www.goldwurzel.de\/ueber-uns\/wp-json\/wp\/v2\/pages\/30","targetHints":{"allow":["GET"]}}],"collection":[{"href":"https:\/\/www.goldwurzel.de\/ueber-uns\/wp-json\/wp\/v2\/pages"}],"about":[{"href":"https:\/\/www.goldwurzel.de\/ueber-uns\/wp-json\/wp\/v2\/types\/page"}],"author":[{"embeddable":true,"href":"https:\/\/www.goldwurzel.de\/ueber-uns\/wp-json\/wp\/v2\/users\/2"}],"replies":[{"embeddable":true,"href":"https:\/\/www.goldwurzel.de\/ueber-uns\/wp-json\/wp\/v2\/comments?post=30"}],"version-history":[{"count":17,"href":"https:\/\/www.goldwurzel.de\/ueber-uns\/wp-json\/wp\/v2\/pages\/30\/revisions"}],"predecessor-version":[{"id":270,"href":"https:\/\/www.goldwurzel.de\/ueber-uns\/wp-json\/wp\/v2\/pages\/30\/revisions\/270"}],"wp:attachment":[{"href":"https:\/\/www.goldwurzel.de\/ueber-uns\/wp-json\/wp\/v2\/media?parent=30"}],"curies":[{"name":"wp","href":"https:\/\/api.w.org\/{rel}","templated":true}]}}